{"id":50,"date":"2024-03-11T11:46:37","date_gmt":"2024-03-11T11:46:37","guid":{"rendered":"https:\/\/taurus1908.test\/?page_id=50"},"modified":"2024-06-19T13:13:34","modified_gmt":"2024-06-19T13:13:34","slug":"condizioni-generali-di-vendita","status":"publish","type":"page","link":"https:\/\/taurus1908.com\/en\/condizioni-generali-di-vendita","title":{"rendered":"Condizioni generali di vendita"},"content":{"rendered":"<div class=\"wp-block-columns is-layout-flex wp-container-core-columns-layout-1 wp-block-columns-is-layout-flex\">\n<div class=\"wp-block-column is-layout-flow wp-block-column-is-layout-flow\" style=\"flex-basis:25%\"><\/div>\n\n\n\n<div class=\"wp-block-column is-layout-flow wp-block-column-is-layout-flow\" style=\"flex-basis:50%\">\n<div style=\"height:100px\" aria-hidden=\"true\" class=\"wp-block-spacer\"><\/div>\n\n\n\n<h1 class=\"wp-block-heading\"><strong>Condizioni generali di vendita<\/strong><\/h1>\n\n\n\n<div style=\"height:50px\" aria-hidden=\"true\" class=\"wp-block-spacer\"><\/div>\n\n\n\n<h4 class=\"wp-block-heading\"><strong>ARTICOLO 1 \u2013 OGGETTO<\/strong><\/h4>\n\n\n\n<p>Le presenti Condizioni Generali disciplinano la vendita on line&nbsp; mediante il sito Taurus Store (<a href=\"https:\/\/taurus1908.com\/en\/\">www.taurus1908.com<\/a>).Ogni operazione di acquisto effettuata da Clienti consumatori (ossia persone fisiche che agiscono per scopi estranei all\u2019attivit\u00e0 professionale o imprenditoriale eventualmente svolta ed acquistano prodotti solo per uso personale) sar\u00e0 regolata dalle disposizioni di cui al DLgs n. 206\/2005 (Codice del consumo); per gli acquisti effettuati invece da Clienti che siano commercianti, grossisti, rivenditori, professionisti e che acquistino per uso non personale, le operazioni di acquisto saranno regolate dalle norme del Codice Civile.<br>La tutela della privacy sar\u00e0 sottoposta alla normativa del D.Lgs. 196\/2003 \u201dCodice Privacy\u201d ; il Cliente a tal fine dovr\u00e0 leggere l\u2019informativa nella sezione&nbsp; \u201cPrivacy \u201d&nbsp; presente sul sito e dare il consenso al trattamento dei dati per poter procedere nell\u2019ordine<\/p>\n\n\n\n<div style=\"height:50px\" aria-hidden=\"true\" class=\"wp-block-spacer\"><\/div>\n\n\n\n<h4 class=\"wp-block-heading\"><strong><strong>ARTICOLO 2 \u2013 ACCETTAZIONE CONDIZIONI GENERALI DI VENDITA<\/strong><\/strong><\/h4>\n\n\n\n<p>Le presenti Condizioni Generali di Vendita e la Privacy Policy devono essere esaminate dai Clienti del sito <a href=\"https:\/\/taurus1908.com\/en\/\">Taurus1908.com<\/a> prima di concludere l\u2019ordine. Il proseguimento dell\u2019ordine pertanto implica la totale conoscenza delle stesse e la loro totale accettazione; senza la lettura e l\u2019accettazione delle stesse l\u2019ordine non pu\u00f2 proseguire.<br>Il Cliente con l\u2019effettuazione dell\u2019ordine dichiara di aver preso visione ed accettato tutte le condizioni generali di vendita e di pagamento in essa riportate nonch\u00e8 dichiara di aver letto attentamente ed integralmente la Privacy Policy, di ben conoscerne il contenuto e di avere espresso il consenso al trattamento dei dati; con l\u2019invio del proprio ordine di acquisto il Cliente quindi le accetta incondizionatamente e si obbliga ad osservarle integralmente, unitamente alle modalit\u00e0 di pagamento.<br>Il Cliente si impegna ed obbliga, una volta conclusa la procedura d\u2019acquisto, a stampare e conservare le presenti Condizioni Generali di Vendita, nel rispetto degli artt. 52 e 53 del D.Lgs n. 206\/2005.<\/p>\n\n\n\n<div style=\"height:50px\" aria-hidden=\"true\" class=\"wp-block-spacer\"><\/div>\n\n\n\n<h4 class=\"wp-block-heading\"><strong><strong><strong>ARTICOLO 3 \u2013 MODALIT\u00c0 D\u2019ACQUISTO<\/strong><\/strong><\/strong><\/h4>\n\n\n\n<p>Taurus Store \u00e8 un sito Internet per acquisti online\u00a0 di biciclette nuove.<br>Gli acquisti dei prodotti disponibili, come illustrati e descritti on-line nelle relative schede tecniche, sono effettuati dal Cliente al prezzo in vigore indicato, comprensivo di I.V.A., maggiorato delle spese di spedizione, e comunque visualizzato all\u2019atto dell\u2019acquisto. Funzioni e caratteristiche descritte nelle schede tecniche sono fornite dalla Casa Produttrice.<br>La disponibilit\u00e0 del prodotto non \u00e8 sempre aggiornata in tempo reale e poich\u00e9 l\u2019accesso e la possibilit\u00e0 di inoltrare ordini on line modificano la disponibilit\u00e0 del prodotto, la Taurus 1908 Srl \u00a0 non garantisce la certezza di assegnazione della merce ordinata; la Taurus 1908 Srl\u00a0 in ogni caso d\u00e0 la possibilit\u00e0 al Cliente anche di prenotare alcuni prodotti per i quali la Taurus 1908 Srl si riserva di comunicare al Cliente i tempi di consegna (che potrebbero risultare superiori ai tempi di consegna ordinari) e disponibilit\u00e0 inviando una mail o contattando il Cliente telefonicamente.<br>Prima della conferma dell\u2019acquisto, al Cliente verr\u00e0 riepilogato il costo unitario di ogni prodotto prescelto, il totale riga ordine, il costo totale dell\u2019ordine in caso di acquisto di pi\u00f9 prodotti e le spese di trasporto.<br>Il Cliente, dopo aver completato il proprio ordine di acquisto, ricever\u00e0 un primo messaggio di posta elettronica ove la Taurus 1908 Srl\u00a0 si limita a comunicare di aver ricevuto l\u2019ordine indicandone il relativo numero; nei giorni successivi, ed indicativamente nei due giorni lavorativi successivi. Al ricevimento della prima mail il Cliente potr\u00e0 verificare la correttezza dei dati e dei prodotti acquistati ed eventualmente segnalare e\/o chiedere informazioni a <strong>info@taurus1908.com<\/strong><\/p>\n\n\n\n<div style=\"height:50px\" aria-hidden=\"true\" class=\"wp-block-spacer\"><\/div>\n\n\n\n<h4 class=\"wp-block-heading\"><strong><strong><strong><strong>ARTICOLO 4 \u2013 MODALIT\u00c0 DI PAGAMENTO<\/strong><\/strong><\/strong><\/strong><\/h4>\n\n\n\n<p>Il Cliente potr\u00e0 effettuare il pagamento con Paypal e carte di credito collegate, non \u00e8 ammesso il pagamento in contrassegno.<br>Se il Cliente ha scelto di acquistare attraverso le modalit\u00e0 di pagamento Paypal, egli, a conclusione dell\u2019ordine, viene indirizzato alla pagina di login di Paypal. L\u2019importo relativo all\u2019ordine viene addebitato sul conto Paypal al momento dell\u2019acquisizione dell\u2019ordine. In caso di annullamento dell\u2019ordine sia da parte del Cliente sia in caso di mancata accettazione da parte della Taurus 1908 Srl., l\u2019importo sar\u00e0 rimborsato sul conto Paypal del Cliente. In caso di annullamento dell\u2019ordine verr\u00e0 richiesto l\u2019annullamento della transazione e la &nbsp; Taurus 1908 Srl nessun caso potr\u00e0 essere ritenuta responsabile per eventuali danni, diretti o indiretti, provocati dal ritardo nel mancato svincolo dell\u2019importo impegnato da parte di Paypal. Per ogni transazione eseguita con il conto Paypal il Cliente ricever\u00e0 mail di conferma di Paypal. Lo staff di Taurus Store si riserva la facolt\u00e0 di annullare e\/o sospendere l\u2019ordine qualora Paypal invii un messaggio via mail di segnalazione di anomalie e\/o irregolarit\u00e0 del pagamento; in tale ipotesi lo staff di Taurus Store si riserva la facolt\u00e0 di richiedere al Cliente informazioni integrative e\/o l\u2019invio di copie di documenti comprovanti la titolarit\u00e0 della carta utilizzata. In mancanza della documentazione richiesta, lo staff di Taurus Store si riserva la facolt\u00e0 di non accettare l\u2019ordine senza che per tale motivo sorga il diritto del Cliente al risarcimento danni.<br>Qualora il Cliente annulli un ordine prenotato con modalit\u00e0 di pagamento carte di credito o Paypal, la Taurus 1908 Srl&nbsp; effettuer\u00e0 il riaccredito secondo le medesime modalit\u00e0 scelte dal Cliente il quale non potr\u00e0 richiedere una variazione delle stesse.<\/p>\n\n\n\n<div style=\"height:50px\" aria-hidden=\"true\" class=\"wp-block-spacer\"><\/div>\n\n\n\n<h4 class=\"wp-block-heading\"><strong><strong><strong><strong><strong>ARTICOLO 5 \u2013 CONSEGNA<\/strong><\/strong><\/strong><\/strong><\/strong><\/h4>\n\n\n\n<p>I prodotti acquistati saranno consegnati all\u2019indirizzo indicato (al civico). Le consegne dei prodotti avverranno durante tutti i giorni lavorativi. Lo staff di Taurus Store non sar\u00e0 responsabile di eventuali errori di indirizzi (via o numero civico); l\u2019omessa indicazione dell\u2019indirizzo comporter\u00e0 automaticamente l\u2019annullamento dell\u2019ordine; in caso di errore nella indicazione dell\u2019indirizzo, il Cliente verr\u00e0 contattato telefonicamente al recapito telefonico lasciato. Se non \u00e8 stato fornito alcun recapito telefonico l\u2019ordine verr\u00e0 automaticamente annullato.<br>La fattura relativa agli ordini consegnati con corriere; nessuna variazione in fattura sar\u00e0 possibile dopo l\u2019emissione della stessa.<br>Il contributo per la spedizione, da aggiungersi al prezzo dei prodotti acquistati, \u00e8 calcolato in modo automatico dal sistema in funzione del peso (da intendersi come rapporto peso\/volume) del prodotto imballato.<\/p>\n\n\n\n<p>Se il prodotto \u00e8 disponibile, la consegna Standard \u00e8 effettuata nei Giorni Lavorativi dalle ore 08:30 alle ore 18:00.<br>Questa tipologia prevede la consegna sul fronte strada per tutti i prodotti.<br>Le spese di sosta o giacenza presso il corriere, per assenza del destinatario, sono a carico di Taurus Store per i primi 2 giorni oltre&nbsp; saranno a carico del Cliente.<\/p>\n\n\n\n<p>Non viene effettuata la consegna al piano.<\/p>\n\n\n\n<p>Il Cliente \u00e8 tenuto a verificare, all\u2019atto del ricevimento, se l\u2019imballo \u00e8 integro, e se il prodotto a lui consegnato \u00e8 conforme all\u2019ordine effettuato; il Cliente dovr\u00e0 sottoscrivere la bolla di consegna indicando \u201ccon riserva di controllo\u201d sull\u2019integrit\u00e0 dei prodotti; se questo non avviene, il Cliente non potr\u00e0 contestare, successivamente alla consegna, la non conformit\u00e0 esterna del prodotto ordinato e la sua quantit\u00e0.<\/p>\n\n\n\n<p>Se il prodotto \u00e8 disponibile, senza che ci\u00f2 comporti vincoli per la Taurus 1908 Srl la merce viene consegnata indicativamente:<\/p>\n\n\n\n<p>Per Italia: entro 5 giorni lavorativi dall\u2019invio della conferma d\u2019ordine.<\/p>\n\n\n\n<p>Per Europa: entro 10 giorni lavorativi dall\u2019invio della conferma d\u2019ordine.In caso di ordini ove siano pervenute alla Taurus 1908 Srl&nbsp; segnalazioni di anomalie di pagamento quali ad esempio la non corrispondenza del nominativo del soggetto registrato e il titolare della carta di credito, i prodotti vengono consegnati entro 5 giorni lavorativi decorrenti dall\u2019avvenuto accertamento della regolarit\u00e0 del pagamento o comunque decorrenti dal termine delle verifiche che si renderanno necessarie per accertare la regolarit\u00e0 del pagamento. Nel caso in cui i prodotti non siano stati consegnati dopo 5 giorni lavorativi dall\u2019invio della conferma d\u2019ordine, il Cliente potr\u00e0 inviare una mail a <strong>info@taurus1908.com<\/strong> con oggetto \u201cmancata consegna\u201d ed indicando il numero d\u2019ordine ed eventuale note. Dopo aver ricevuto la e-mail e dopo le opportune ricerche, lo staff di Taurus Store contatter\u00e0 il Cliente entro 2 giorni lavorativi per la soluzione al problema o per la spiegazione dei motivi della mancata evasione dell\u2019ordine.<\/p>\n\n\n\n<div style=\"height:50px\" aria-hidden=\"true\" class=\"wp-block-spacer\"><\/div>\n\n\n\n<h4 class=\"wp-block-heading\"><strong><strong><strong><strong><strong><strong>ARTICOLO 6 \u2013 GARANZIA<\/strong><\/strong><\/strong><\/strong><\/strong><\/strong><\/h4>\n\n\n\n<p>GARANZIA LEGALE DI CONFORMITA\u2019<br>Tutti i prodotti acquistati tramite il nostro negozio on-line godono della garanzia legale di conformit\u00e0 prevista dagli articoli 128 e seguenti del Codice del consumo a carico del venditore, ossia Taurus Store.<br>La conformit\u00e0 del bene \u00e8 presunta se: a) i beni sono idonei all\u2019uso tipico cui sono destinati; b) corrispondono alla descrizione fatta dal venditore ed alle qualit\u00e0 che egli ne ha presentato; c) hanno qualit\u00e0 e prestazioni normali per un bene dello stesso tipo, o comunque quelle che il consumatore pu\u00f2 aspettarsi, tenuto conto della natura del bene e delle dichiarazioni pubbliche fatte al riguardo dal venditore e dal produttore, in particolare nella pubblicit\u00e0 o sull\u2019etichettatura; d) sono idonei all\u2019uso particolare che il consumatore voleva farne e di cui ha informato il venditore (art. 129 del Codice del consumo).<br>La sussistenza di un difetto di conformit\u00e0 \u00e8 altres\u00ec esclusa se il consumatore lo conosceva al momento dell\u2019acquisto o non poteva ignorarlo con l\u2019ordinaria diligenza o, ancora, se deriva da istruzioni o materiali forniti dal consumatore.<br>Il venditore risponde ai sensi di legge dei difetti di conformit\u00e0 esistenti al momento della consegna del bene ed ha a disposizione i rimedi previsti dal Codice del consumo.<br>In particolare, l\u2019art. 130 del Codice del consumo prevede che<br>\u201c3. Il consumatore pu\u00f2 chiedere, a sua scelta, al venditore di riparare il bene o di sostituirlo, senza spese in entrambi i casi, salvo che il rimedio richiesto sia oggettivamente impossibile o eccessivamente oneroso rispetto all\u2019altro.<br>4. Ai fini di cui al comma 3 \u00e8 da considerare eccessivamente oneroso uno dei due rimedi se impone al venditore spese irragionevoli in confronto all\u2019altro, tenendo conto: a) del valore che il bene avrebbe se non vi fosse difetto di conformit\u00e0; b) dell\u2019entit\u00e0 del difetto di conformit\u00e0; c) dell\u2019eventualit\u00e0 che il rimedio alternativo possa essere esperito senza notevoli inconvenienti per il consumatore.<br>5. Le riparazioni o le sostituzioni devono essere effettuate entro un congruo termine dalla richiesta e non devono arrecare notevoli inconvenienti al consumatore, tenendo conto della natura del bene e dello scopo per il quale il consumatore ha acquistato il bene.<br>6. Le spese di cui ai commi 2 e 3 si riferiscono ai costi indispensabili per rendere conformi i beni, in particolare modo con riferimento alle spese effettuate per la spedizione, per la mano d\u2019opera e per i materiali.<br>7. Il consumatore pu\u00f2 richiedere, a sua scelta, una congrua riduzione del prezzo o la risoluzione del contratto ove ricorra una delle seguenti situazioni: a) la riparazione e la sostituzione sono impossibili o eccessivamente onerose; b) il venditore non ha provveduto alla riparazione o alla sostituzione del bene entro il termine congruo di cui al comma 5; c) la sostituzione o la riparazione precedentemente effettuata ha arrecato notevoli inconvenienti al consumatore.<br>8. Nel determinare l\u2019importo della riduzione o la somma da restituire si tiene conto dell\u2019uso del bene.<br>9. Dopo la denuncia del difetto di conformit\u00e0, il venditore pu\u00f2 offrire al consumatore qualsiasi altro rimedio disponibile, con i seguenti effetti: a) qualora il consumatore abbia gi\u00e0 richiesto uno specifico rimedio, il venditore resta obbligato ad attuarlo, con le necessarie conseguenze in ordine alla decorrenza del termine congruo di cui al comma 5, salvo accettazione da parte del consumatore del rimedio alternativo proposto; b) qualora il consumatore non abbia gi\u00e0 richiesto uno specifico rimedio, il consumatore deve accettare la proposta o respingerla scegliendo un altro rimedio ai sensi del presente articolo.<br>10. Un difetto di conformit\u00e0 di lieve entit\u00e0 per il quale non \u00e8 stato possibile o \u00e8 eccessivamente oneroso esperire i rimedi della riparazione o della sostituzione, non d\u00e0 diritto alla risoluzione del contratto\u201d.Le modalit\u00e0 operative per far valere la garanzia legale di conformit\u00e0 sono le seguenti: il cliente, dovr\u00e0 rispedire il prodotto e la documentazione che ne comprova l\u2019acquisto, direttamente alla Taurus 1908 Srl il cui personale fornir\u00e0 assistenza necessaria in relazione al caso di specie.<br>Lo staff di Taurus 1908 Srl si avvale generalmente, per gli interventi di riparazione sui prodotti da essa venduti o per la valutazione dei presupposti per la loro sostituzione in garanzia, di centri di assistenza tecnica specializzati, fermo restando che, quale venditore, rimane sempre direttamente responsabile della prestazione della garanzia legale.<br>Lo staff di Taurus 1908 Srl al fine di rendere un servizio di assistenza post-vendita di alto livello ed assolutamente trasparente, si impegna, su base volontaria, a far eseguire la riparazione o a sostituire il prodotto difettoso entro 15 giorni dalla richiesta di assistenza in garanzia.<\/p>\n\n\n\n<div style=\"height:50px\" aria-hidden=\"true\" class=\"wp-block-spacer\"><\/div>\n\n\n\n<h4 class=\"wp-block-heading\"><strong><strong><strong><strong><strong><strong><strong>ARTICOLO 7 \u2013 DIRITTO DI RECESSO<\/strong><\/strong><\/strong><\/strong><\/strong><\/strong><\/strong><\/h4>\n\n\n\n<p>Il diritto di recesso per i prodotti acquistati tramite il nostro negozio on-line \u00e8 disciplinato dagli articoli 64 e seguenti del d.lgs. n. 205\/2006 (\u201cCodice del consumo\u201d). La decisione di avvalersi del diritto di recesso deve essere comunicata dal cliente inviando una lettera raccomandata con avviso di ricevimento entro 10 giorni lavorativi dal ricevimento del prodotto ordinato a: Taurus 1908 Srl. Via Verdi, 1 20020 Vanzaghello (MI) Italy.<br>La comunicazione di recesso dovr\u00e0 specificare la volont\u00e0 di recedere dall\u2019acquisto (non occorre invece specificarne i motivi) ed il prodotto o i prodotti per i quali si intende esercitare il diritto di recesso, allegando copia della documentazione comprovante l\u2019acquisto.<br>Il diritto di recesso si intender\u00e0 validamente esercitato, in virt\u00f9 di quanto disposto dall\u2019art. 64, comma 2 del Codice del consumo, anche qualora il cliente che se ne vuole avvalere invii, entro il suddetto termine di 10 giorni dal ricevimento del prodotto, una comunicazione di recesso via e-mail all\u2019indirizzo <strong>info@taurus1908.com <\/strong>, via fax al numero +39-0331658114 con conferma mediante lettera raccomandata entro le quarantotto ore successive.<br>Ricevuta la lettera raccomandata di comunicazione di recesso: ti sar\u00e0 inviato via e-mail il numero di autorizzazione al reso che dovr\u00e0 essere riportato sulla scatola del prodotto che sar\u00e0 spedito;<br>ti preghiamo di imballare il prodotto, con gli eventuali accessori e tutto quanto in origine contenuto, con i cartoni originali cos\u00ec da salvaguardarli da danneggiamenti;<br>dovrai spedire il prodotto integro, entro 10 giorni lavorativi dal ricevimento, all\u2019indirizzo sopra indicato.<br>Il diritto di recesso si applica esclusivamente ai beni integri al momento della restituzione, ai sensi di quanto previsto dall\u2019art. 67, comma 2 del Codice del consumo. Al ricevimento del collo contenente il prodotto restituito, ed effettuati tutti i controlli sull\u2019integrit\u00e0 del bene e sulla presenza dei manuali, degli accessori e di tutto quanto in origine contenuto nella confezione del prodotto stesso, la Taurus 1908 Srl provveder\u00e0 all\u2019accredito delle somme gi\u00e0 incassate per la vendita del prodotto. Le spese di spedizione e trasporto sono poste a carico del cliente.<\/p>\n\n\n\n<div style=\"height:50px\" aria-hidden=\"true\" class=\"wp-block-spacer\"><\/div>\n\n\n\n<h4 class=\"wp-block-heading\"><strong><strong><strong><strong><strong><strong><strong><strong>ARTICOLO 8 \u2013 GIURISDIZIONE E FORO COMPETENTE<\/strong><\/strong><\/strong><\/strong><\/strong><\/strong><\/strong><\/strong><\/h4>\n\n\n\n<p>Il presente contratto sar\u00e0 regolato dalla Legge Italiana.<br>Per ogni controversia relativa alla validit\u00e0, interpretazione o esecuzione di questo contratto, sar\u00e0 competente esclusivamente il Foro di Milano<\/p>\n\n\n\n<div style=\"height:50px\" aria-hidden=\"true\" class=\"wp-block-spacer\"><\/div>\n\n\n\n<h4 class=\"wp-block-heading\"><strong><strong><strong><strong><strong><strong><strong><strong><strong>ARTICOLO 9 \u2013 MODIFICHE<\/strong><\/strong><\/strong><\/strong><\/strong><\/strong><\/strong><\/strong><\/strong><\/h4>\n\n\n\n<p>Le condizioni contenute nel presente documento potranno essere modificate dalla Taurus 1908 Srl&nbsp; senza preavviso alcuno e avranno validit\u00e0 dalla data di pubblicazione nel sito internet www.taurus1908.com<\/p>\n\n\n\n<div style=\"height:50px\" aria-hidden=\"true\" class=\"wp-block-spacer\"><\/div>\n\n\n\n<h4 class=\"wp-block-heading\"><strong><strong><strong><strong><strong><strong><strong><strong><strong><strong>ARTICOLO 10 \u2013 RECLAMI<\/strong><\/strong><\/strong><\/strong><\/strong><\/strong><\/strong><\/strong><\/strong><\/strong><\/h4>\n\n\n\n<p>Ogni eventuale reclamo dovr\u00e0 essere rivolto a:<br><em>Taurus 1908<\/em> <em>Srl.&nbsp; Via Verdi, 1 20020 Vanzaghello (MI)<\/em><\/p>\n\n\n\n<div style=\"height:50px\" aria-hidden=\"true\" class=\"wp-block-spacer\"><\/div>\n\n\n\n<h4 class=\"wp-block-heading\"><strong><strong><strong><strong><strong><strong><strong><strong><strong><strong><strong>ARTICOLO 11 \u2013 PROBLEMI<\/strong><\/strong><\/strong><\/strong><\/strong><\/strong><\/strong><\/strong><\/strong><\/strong><\/strong><\/h4>\n\n\n\n<p>In caso di problemi durante la connessione il Cliente deve entrare nel sito e completare ci\u00f2 che stava facendo. I prodotti rimangono memorizzati nel carrello.<br>Assistenza Telefonica Taurus Store: +39-0331658114 dal luned\u00ec al venerd\u00ec (festivi esclusi) dalle ore 8,00 alle ore 12.00 e dalle 13.30 alle 17.30<\/p>\n\n\n\n<div style=\"height:50px\" aria-hidden=\"true\" class=\"wp-block-spacer\"><\/div>\n<\/div>\n\n\n\n<div class=\"wp-block-column is-layout-flow wp-block-column-is-layout-flow\" style=\"flex-basis:25%\"><\/div>\n<\/div>","protected":false},"excerpt":{"rendered":"<p>Condizioni generali di vendita ARTICOLO 1 \u2013 OGGETTO Le presenti Condizioni Generali disciplinano la vendita on line&nbsp; mediante il sito Taurus Store (www.taurus1908.com).Ogni operazione di acquisto effettuata da Clienti consumatori (ossia persone fisiche che agiscono per scopi estranei all\u2019attivit\u00e0 professionale o imprenditoriale eventualmente svolta ed acquistano prodotti solo per uso personale) sar\u00e0 regolata dalle disposizioni &hellip; <a href=\"https:\/\/taurus1908.com\/en\/condizioni-generali-di-vendita\">Continued<\/a><\/p>","protected":false},"author":1,"featured_media":0,"parent":0,"menu_order":0,"comment_status":"closed","ping_status":"closed","template":"","meta":{"_acf_changed":false,"footnotes":""},"acf":[],"aioseo_notices":[],"_links":{"self":[{"href":"https:\/\/taurus1908.com\/en\/wp-json\/wp\/v2\/pages\/50"}],"collection":[{"href":"https:\/\/taurus1908.com\/en\/wp-json\/wp\/v2\/pages"}],"about":[{"href":"https:\/\/taurus1908.com\/en\/wp-json\/wp\/v2\/types\/page"}],"author":[{"embeddable":true,"href":"https:\/\/taurus1908.com\/en\/wp-json\/wp\/v2\/users\/1"}],"replies":[{"embeddable":true,"href":"https:\/\/taurus1908.com\/en\/wp-json\/wp\/v2\/comments?post=50"}],"version-history":[{"count":16,"href":"https:\/\/taurus1908.com\/en\/wp-json\/wp\/v2\/pages\/50\/revisions"}],"predecessor-version":[{"id":1668,"href":"https:\/\/taurus1908.com\/en\/wp-json\/wp\/v2\/pages\/50\/revisions\/1668"}],"wp:attachment":[{"href":"https:\/\/taurus1908.com\/en\/wp-json\/wp\/v2\/media?parent=50"}],"curies":[{"name":"wp","href":"https:\/\/api.w.org\/{rel}","templated":true}]}}