{"id":56,"date":"2024-03-11T11:47:06","date_gmt":"2024-03-11T11:47:06","guid":{"rendered":"https:\/\/taurus1908.test\/?page_id=56"},"modified":"2024-06-19T13:14:56","modified_gmt":"2024-06-19T13:14:56","slug":"spedizioni-e-resi","status":"publish","type":"page","link":"https:\/\/taurus1908.com\/en\/spedizioni-e-resi","title":{"rendered":"Informativa sui rimborsi"},"content":{"rendered":"<div class=\"wp-block-columns is-layout-flex wp-container-core-columns-layout-1 wp-block-columns-is-layout-flex\">\n<div class=\"wp-block-column is-layout-flow wp-block-column-is-layout-flow\" style=\"flex-basis:25%\"><\/div>\n\n\n\n<div class=\"wp-block-column is-layout-flow wp-block-column-is-layout-flow\" style=\"flex-basis:50%\">\n<div style=\"height:100px\" aria-hidden=\"true\" class=\"wp-block-spacer\"><\/div>\n\n\n\n<h1 class=\"wp-block-heading\"><strong><strong>Informativa sui rimborsi<\/strong><\/strong><\/h1>\n\n\n\n<div style=\"height:50px\" aria-hidden=\"true\" class=\"wp-block-spacer\"><\/div>\n\n\n\n<p>Il diritto di recesso per i prodotti acquistati tramite il nostro negozio on-line \u00e8 disciplinato dagli articoli 64 e seguenti del d.lgs. n. 205\/2006 (\u201cCodice del consumo\u201d). La decisione di avvalersi del diritto di recesso deve essere comunicata dal cliente inviando una lettera raccomandata con avviso di ricevimento entro 10 giorni lavorativi dal ricevimento del prodotto ordinato a: Taurus 1908 Srl. Via Verdi, 1 20020 Vanzaghello (MI) Italy.<br>La comunicazione di recesso dovr\u00e0 specificare la volont\u00e0 di recedere dall\u2019acquisto (non occorre invece specificarne i motivi) ed il prodotto o i prodotti per i quali si intende esercitare il diritto di recesso, allegando copia della documentazione comprovante l\u2019acquisto.<br>Il diritto di recesso si intender\u00e0 validamente esercitato, in virt\u00f9 di quanto disposto dall\u2019art. 64, comma 2 del Codice del consumo, anche qualora il cliente che se ne vuole avvalere invii, entro il suddetto termine di 10 giorni dal ricevimento del prodotto, una comunicazione di recesso via e-mail all\u2019indirizzo info@taurus1908.com , via fax al numero +39-0331658114 con conferma mediante lettera raccomandata entro le quarantotto ore successive.<br>Ricevuta la lettera raccomandata di comunicazione di recesso: ti sar\u00e0 inviato via e-mail il numero di autorizzazione al reso che dovr\u00e0 essere riportato sulla scatola del prodotto che sar\u00e0 spedito;<br>ti preghiamo di imballare il prodotto, con gli eventuali accessori e tutto quanto in origine contenuto, con i cartoni originali cos\u00ec da salvaguardarli da danneggiamenti;<br>dovrai spedire il prodotto integro, entro 10 giorni lavorativi dal ricevimento, all\u2019indirizzo sopra indicato.<br>Il diritto di recesso si applica esclusivamente ai beni integri al momento della restituzione, ai sensi di quanto previsto dall\u2019art. 67, comma 2 del Codice del consumo. Al ricevimento del collo contenente il prodotto restituito, ed effettuati tutti i controlli sull\u2019integrit\u00e0 del bene e sulla presenza dei manuali, degli accessori e di tutto quanto in origine contenuto nella confezione del prodotto stesso, la Taurus 1908 Srl provveder\u00e0 all\u2019accredito delle somme gi\u00e0 incassate per la vendita del prodotto. Le spese di spedizione e trasporto sono poste a carico del cliente.<\/p>\n\n\n\n<div style=\"height:50px\" aria-hidden=\"true\" class=\"wp-block-spacer\"><\/div>\n<\/div>\n\n\n\n<div class=\"wp-block-column is-layout-flow wp-block-column-is-layout-flow\" style=\"flex-basis:25%\"><\/div>\n<\/div>","protected":false},"excerpt":{"rendered":"<p>Informativa sui rimborsi Il diritto di recesso per i prodotti acquistati tramite il nostro negozio on-line \u00e8 disciplinato dagli articoli 64 e seguenti del d.lgs. n. 205\/2006 (\u201cCodice del consumo\u201d). La decisione di avvalersi del diritto di recesso deve essere comunicata dal cliente inviando una lettera raccomandata con avviso di ricevimento entro 10 giorni lavorativi &hellip; <a href=\"https:\/\/taurus1908.com\/en\/spedizioni-e-resi\">Continued<\/a><\/p>","protected":false},"author":1,"featured_media":0,"parent":0,"menu_order":0,"comment_status":"closed","ping_status":"closed","template":"","meta":{"_acf_changed":false,"footnotes":""},"acf":[],"aioseo_notices":[],"_links":{"self":[{"href":"https:\/\/taurus1908.com\/en\/wp-json\/wp\/v2\/pages\/56"}],"collection":[{"href":"https:\/\/taurus1908.com\/en\/wp-json\/wp\/v2\/pages"}],"about":[{"href":"https:\/\/taurus1908.com\/en\/wp-json\/wp\/v2\/types\/page"}],"author":[{"embeddable":true,"href":"https:\/\/taurus1908.com\/en\/wp-json\/wp\/v2\/users\/1"}],"replies":[{"embeddable":true,"href":"https:\/\/taurus1908.com\/en\/wp-json\/wp\/v2\/comments?post=56"}],"version-history":[{"count":6,"href":"https:\/\/taurus1908.com\/en\/wp-json\/wp\/v2\/pages\/56\/revisions"}],"predecessor-version":[{"id":1669,"href":"https:\/\/taurus1908.com\/en\/wp-json\/wp\/v2\/pages\/56\/revisions\/1669"}],"wp:attachment":[{"href":"https:\/\/taurus1908.com\/en\/wp-json\/wp\/v2\/media?parent=56"}],"curies":[{"name":"wp","href":"https:\/\/api.w.org\/{rel}","templated":true}]}}