{"id":852,"date":"2024-05-08T15:04:04","date_gmt":"2024-05-08T15:04:04","guid":{"rendered":"https:\/\/taurus1908.sitointest.it\/?post_type=product&#038;p=852"},"modified":"2024-06-03T15:03:54","modified_gmt":"2024-06-03T15:03:54","slug":"corinto-uomo","status":"publish","type":"product","link":"https:\/\/taurus1908.com\/en\/city-bike\/corinto-man","title":{"rendered":"Corinto Man"},"content":{"rendered":"<p>I freni a bacchetta a pistoncino, le leve freno marchiate e i parafanghi corazzati sono solo alcuni degli elementi che contraddistinguono Corinto. Grazie a questi dettagli, puoi essere sicuro che la tua bicicletta sar\u00e0 affidabile e funzioner\u00e0 sempre al meglio. Ma Corinto non \u00e8 solo una bicicletta funzionale &#8211; \u00e8 anche un&#8217;opera d&#8217;arte. L&#8217;estetica senza tempo della bicicletta \u00e8 arricchita da dettagli come la sella in pelle Brooks e i copertoni in varie colorazioni che creeranno un contrasto elegante e sofisticato. Con Corinto di Taurus 1908, puoi goderti una bicicletta che unisce perfettamente forma e funzione. Se sei alla ricerca di una bicicletta di alta qualit\u00e0 con un design classico, Corinto \u00e8 la scelta perfetta per te. Questa bicicletta presenta un telaio in acciaio artigianalmente congiunto e saldobrasato per assicurare la massima resistenza e durabilit\u00e0. La frenata \u00e8 di tipo classico a bacchetta, con tiranti freno in tondino da 4mm pieno. Il manubrio dalla forma a &#8220;&#8221;R&#8221;&#8221; garantisce una presa sicura e confortevole, mentre le leve incise Taurus donano un tocco di personalizzazione e stile. Se stai cercando un prodotto artigianale, resistente e con un design classico, questa bicicletta \u00e8 l&#8217;ideale per te.<\/p>","protected":false},"excerpt":{"rendered":"<p>I freni a bacchetta a pistoncino, le leve freno marchiate e i parafanghi corazzati sono solo alcuni degli elementi che contraddistinguono Corinto. Grazie a questi dettagli, puoi essere sicuro che la tua bicicletta sar\u00e0 affidabile e funzioner\u00e0 sempre al meglio. Ma Corinto non \u00e8 solo una bicicletta funzionale &#8211; \u00e8 anche un&#8217;opera d&#8217;arte. L&#8217;estetica senza &hellip; <a href=\"https:\/\/taurus1908.com\/en\/city-bike\/corinto-man\">Continued<\/a><\/p>","protected":false},"featured_media":876,"template":"","meta":{"_acf_changed":false},"product_cat":[21],"product_tag":[73],"acf":[],"aioseo_notices":[],"_links":{"self":[{"href":"https:\/\/taurus1908.com\/en\/wp-json\/wp\/v2\/product\/852"}],"collection":[{"href":"https:\/\/taurus1908.com\/en\/wp-json\/wp\/v2\/product"}],"about":[{"href":"https:\/\/taurus1908.com\/en\/wp-json\/wp\/v2\/types\/product"}],"wp:featuredmedia":[{"embeddable":true,"href":"https:\/\/taurus1908.com\/en\/wp-json\/wp\/v2\/media\/876"}],"wp:attachment":[{"href":"https:\/\/taurus1908.com\/en\/wp-json\/wp\/v2\/media?parent=852"}],"wp:term":[{"taxonomy":"product_cat","embeddable":true,"href":"https:\/\/taurus1908.com\/en\/wp-json\/wp\/v2\/product_cat?post=852"},{"taxonomy":"product_tag","embeddable":true,"href":"https:\/\/taurus1908.com\/en\/wp-json\/wp\/v2\/product_tag?post=852"}],"curies":[{"name":"wp","href":"https:\/\/api.w.org\/{rel}","templated":true}]}}