{"id":860,"date":"2024-05-09T07:50:38","date_gmt":"2024-05-09T07:50:38","guid":{"rendered":"https:\/\/taurus1908.sitointest.it\/?post_type=product&#038;p=860"},"modified":"2025-11-13T13:25:33","modified_gmt":"2025-11-13T13:25:33","slug":"marino","status":"publish","type":"product","link":"https:\/\/taurus1908.com\/en\/city-bike\/marino","title":{"rendered":"Marino"},"content":{"rendered":"<p>Adatta ad ogni tipo di terreno e situazione, la Marino si presta perfettamente sia per le uscite in citt\u00e0 che per le avventure outdoor pi\u00f9 impegnative. Inoltre, grazie ai fari dallo stile classico alimentati dalla dinamo, puoi godere di una guida sicura anche di notte, senza dover preoccuparti di caricare batterie o di portare con te luci di emergenza. Ma non \u00e8 tutto: la Marino \u00e8 dotata di una vasta gamma di accessori di alta qualit\u00e0, come il confortevole sellino regolabile e imbottito, i pedali antiscivolo, le manopole ergonomiche e un portapacchi posteriore per il trasporto di bagagli e oggetti personali. Disponibile in diverse misure per soddisfare le esigenze di ogni ciclista, la Marino \u00e8 anche un autentico oggetto di design. Se sei alla ricerca di uno stile unico ed esclusivo, ma non vuoi rinunciare alle prestazioni, la Marino \u00e8 ci\u00f2 che fa per te. Scegli la Marino per un&#8217;esperienza di guida unica, prestigiosa e straordinaria. Questa bicicletta \u00e8 stata costruita con un telaio artigianale in acciaio saldobrasato ed \u00e8 dotata di freni Caliper in alluminio, cerchi anodizzati lucidi e cambio Shimano Ty300, il tutto progettato per offrire prestazioni di alto livello. La resistenza del telaio si combina alla leggerezza dei freni e alla fluidit\u00e0 del cambio Shimano, regalando una guida unica e coinvolgente. Questa bicicletta \u00e8 perfetta per chi cerca stile e affidabilit\u00e0, in grado di affrontare qualsiasi percorso con sicurezza e facilit\u00e0.<\/p>","protected":false},"excerpt":{"rendered":"<p>Adatta ad ogni tipo di terreno e situazione, la Marino si presta perfettamente sia per le uscite in citt\u00e0 che per le avventure outdoor pi\u00f9 impegnative. Inoltre, grazie ai fari dallo stile classico alimentati dalla dinamo, puoi godere di una guida sicura anche di notte, senza dover preoccuparti di caricare batterie o di portare con &hellip; <a href=\"https:\/\/taurus1908.com\/en\/city-bike\/marino\">Continued<\/a><\/p>","protected":false},"featured_media":887,"template":"","meta":{"_acf_changed":false},"product_cat":[21],"product_tag":[73],"acf":[],"aioseo_notices":[],"_links":{"self":[{"href":"https:\/\/taurus1908.com\/en\/wp-json\/wp\/v2\/product\/860"}],"collection":[{"href":"https:\/\/taurus1908.com\/en\/wp-json\/wp\/v2\/product"}],"about":[{"href":"https:\/\/taurus1908.com\/en\/wp-json\/wp\/v2\/types\/product"}],"wp:featuredmedia":[{"embeddable":true,"href":"https:\/\/taurus1908.com\/en\/wp-json\/wp\/v2\/media\/887"}],"wp:attachment":[{"href":"https:\/\/taurus1908.com\/en\/wp-json\/wp\/v2\/media?parent=860"}],"wp:term":[{"taxonomy":"product_cat","embeddable":true,"href":"https:\/\/taurus1908.com\/en\/wp-json\/wp\/v2\/product_cat?post=860"},{"taxonomy":"product_tag","embeddable":true,"href":"https:\/\/taurus1908.com\/en\/wp-json\/wp\/v2\/product_tag?post=860"}],"curies":[{"name":"wp","href":"https:\/\/api.w.org\/{rel}","templated":true}]}}