{"id":893,"date":"2024-05-10T10:14:11","date_gmt":"2024-05-10T10:14:11","guid":{"rendered":"https:\/\/taurus1908.sitointest.it\/?post_type=product&#038;p=893"},"modified":"2024-06-03T14:54:44","modified_gmt":"2024-06-03T14:54:44","slug":"campanello-taurus-vintage","status":"publish","type":"product","link":"https:\/\/taurus1908.com\/en\/accessories\/vintage-taurus-bell","title":{"rendered":"Taurus Vintage Bell"},"content":{"rendered":"<p>Realizzato in acciaio cromato di alta qualit\u00e0, il nostro campanello \u00e8 estremamente resistente e durevole, mantenendo il suo aspetto elegante anche dopo molti utilizzi. Il suono nitido del campanello ti permette di farti sentire chiaramente mentre sei in bici, per una maggiore sicurezza sulla strada. Grazie al design accattivante e alla praticit\u00e0, questo campanello diventer\u00e0 sicuramente il tuo accessorio preferito per la tua bicicletta Taurus. Sia che tu stia andando al lavoro o in giro per la citt\u00e0, il nostro campanello Taurus Vintage ti offre la perfetta combinazione di funzionalit\u00e0 e stile. Caratteristiche: adatto ad ogni modello di bicicletta Taurus. Possibilit\u00e0 di fissaggio al manubrio tramite piastre in acciaio. Adatto a tutte le biciclette<\/p>","protected":false},"excerpt":{"rendered":"<p>The vintage design of the bell perfectly matches the retro look of the Taurus bicycles, while the brand emblem adds a touch of elegance.<\/p>","protected":false},"featured_media":952,"template":"","meta":{"_acf_changed":false},"product_cat":[74,76],"product_tag":[],"acf":[],"aioseo_notices":[],"_links":{"self":[{"href":"https:\/\/taurus1908.com\/en\/wp-json\/wp\/v2\/product\/893"}],"collection":[{"href":"https:\/\/taurus1908.com\/en\/wp-json\/wp\/v2\/product"}],"about":[{"href":"https:\/\/taurus1908.com\/en\/wp-json\/wp\/v2\/types\/product"}],"wp:featuredmedia":[{"embeddable":true,"href":"https:\/\/taurus1908.com\/en\/wp-json\/wp\/v2\/media\/952"}],"wp:attachment":[{"href":"https:\/\/taurus1908.com\/en\/wp-json\/wp\/v2\/media?parent=893"}],"wp:term":[{"taxonomy":"product_cat","embeddable":true,"href":"https:\/\/taurus1908.com\/en\/wp-json\/wp\/v2\/product_cat?post=893"},{"taxonomy":"product_tag","embeddable":true,"href":"https:\/\/taurus1908.com\/en\/wp-json\/wp\/v2\/product_tag?post=893"}],"curies":[{"name":"wp","href":"https:\/\/api.w.org\/{rel}","templated":true}]}}