{"id":905,"date":"2024-05-10T10:31:07","date_gmt":"2024-05-10T10:31:07","guid":{"rendered":"https:\/\/taurus1908.sitointest.it\/?post_type=product&#038;p=905"},"modified":"2026-02-04T12:45:09","modified_gmt":"2026-02-04T12:45:09","slug":"luce-a-cuore","status":"publish","type":"product","link":"https:\/\/taurus1908.com\/en\/accessories\/light-at-heart","title":{"rendered":"Light at Heart"},"content":{"rendered":"<p>Il design a forma di cuore unico attirer\u00e0 sicuramente l&#8217;attenzione rendendo unica la tua bicicletta. Alimentata da batterie ricaricabili, questa luce \u00e8 pronta ad accompagnarti ovunque tu vada. Adatto a tutte le biciclette Taurus. Si collega con semplicit\u00e0 sotto alla sella tramite un laccio in velcro. La luce a led ha diverse modalit\u00e0 (lampeggiante, fissa) e dalla batteria durevole.<\/p>","protected":false},"excerpt":{"rendered":"<p>Make your bike safe and stylish\u00a0<strong>Taurus<\/strong>\u00a0with our heart-shaped LED bicycle light. Easy to install under the saddle, this light offers optimal visibility in all conditions thanks to its brightness.<\/p>","protected":false},"featured_media":979,"template":"","meta":{"_acf_changed":false},"product_cat":[74,80],"product_tag":[],"acf":[],"aioseo_notices":[],"_links":{"self":[{"href":"https:\/\/taurus1908.com\/en\/wp-json\/wp\/v2\/product\/905"}],"collection":[{"href":"https:\/\/taurus1908.com\/en\/wp-json\/wp\/v2\/product"}],"about":[{"href":"https:\/\/taurus1908.com\/en\/wp-json\/wp\/v2\/types\/product"}],"wp:featuredmedia":[{"embeddable":true,"href":"https:\/\/taurus1908.com\/en\/wp-json\/wp\/v2\/media\/979"}],"wp:attachment":[{"href":"https:\/\/taurus1908.com\/en\/wp-json\/wp\/v2\/media?parent=905"}],"wp:term":[{"taxonomy":"product_cat","embeddable":true,"href":"https:\/\/taurus1908.com\/en\/wp-json\/wp\/v2\/product_cat?post=905"},{"taxonomy":"product_tag","embeddable":true,"href":"https:\/\/taurus1908.com\/en\/wp-json\/wp\/v2\/product_tag?post=905"}],"curies":[{"name":"wp","href":"https:\/\/api.w.org\/{rel}","templated":true}]}}