{"id":908,"date":"2024-05-10T10:36:02","date_gmt":"2024-05-10T10:36:02","guid":{"rendered":"https:\/\/taurus1908.sitointest.it\/?post_type=product&#038;p=908"},"modified":"2025-06-17T06:13:21","modified_gmt":"2025-06-17T06:13:21","slug":"city-uomo-blu-5004","status":"publish","type":"product","link":"https:\/\/taurus1908.com\/en\/bikes-in-stock\/city-man-blue-5004","title":{"rendered":"Ready for Delivery City Blue Man 5004"},"content":{"rendered":"<p>Il cambio a 7 velocit\u00e0 permette di adattarsi alle diverse esigenze di percorrenza e superare facilmente eventuali dislivelli, mentre i freni a V-brake garantiscono una frenata potente e precisa per la massima sicurezza in ogni situazione. Il design essenziale e raffinato, caratterizzato da linee pulite e minimaliste, rende la City Bike Uomo di Taurus 1908 perfetta per muoversi in citt\u00e0 con stile ed eleganza. Il colore nero opaco aggiunge un tocco di sobriet\u00e0 e modernit\u00e0, perfetto per qualsiasi occasione. La bicicletta \u00e8 dotata di pneumatici antiforatura su ruote da 28 pollici, che garantiscono una guida fluida e stabile su qualsiasi tipo di terreno, ideale anche per spostamenti fuori citt\u00e0. Inoltre, la sella ergonomicamente sagomata e i manubri regolabili garantiscono la massima comodit\u00e0 e adattabilit\u00e0 alle diverse esigenze di guida. La Taurus 1908 City Bike Uomo \u00e8 l&#8217;opzione perfetta per chi cerca un mezzo di trasporto affidabile e funzionale per muoversi in citt\u00e0 con stile ed eleganza. La bicicletta presenta un telaio in acciaio, che conferisce solidit\u00e0, stabilit\u00e0 e resistenza alla bicicletta. Le ruote in alluminio, leggere e resistenti, consentono di affrontare qualsiasi tipo di terreno in modo agile e confortevole. Il cambio Shimano a 7 velocit\u00e0 garantisce una performance di alto livello, con passaggi di marcia fluidi e precisi. I freni v-brake in alluminio consentono di gestire la velocit\u00e0 in modo sicuro e intuitivo, offrendo una frenata potente e modulabile. La combinazione di questi elementi, unita alla cura dei dettagli nella lavorazione del telaio, fa di questa bicicletta un prodotto di alta qualit\u00e0, dal design essenziale e funzionale, perfetto per chi cerca un mezzo di trasporto versatile e affidabile.<\/p>","protected":false},"excerpt":{"rendered":"<p>The Taurus 1908 Men's City Bike is the perfect combination of style and functionality for anyone looking for a reliable means of transport to get around the city and beyond. The durable steel frame gives the bike strength and reliability, while its light weight makes it easy to manoeuvre in any situation.<\/p>","protected":false},"featured_media":1043,"template":"","meta":{"_acf_changed":false},"product_cat":[75,23],"product_tag":[],"acf":[],"aioseo_notices":[],"_links":{"self":[{"href":"https:\/\/taurus1908.com\/en\/wp-json\/wp\/v2\/product\/908"}],"collection":[{"href":"https:\/\/taurus1908.com\/en\/wp-json\/wp\/v2\/product"}],"about":[{"href":"https:\/\/taurus1908.com\/en\/wp-json\/wp\/v2\/types\/product"}],"wp:featuredmedia":[{"embeddable":true,"href":"https:\/\/taurus1908.com\/en\/wp-json\/wp\/v2\/media\/1043"}],"wp:attachment":[{"href":"https:\/\/taurus1908.com\/en\/wp-json\/wp\/v2\/media?parent=908"}],"wp:term":[{"taxonomy":"product_cat","embeddable":true,"href":"https:\/\/taurus1908.com\/en\/wp-json\/wp\/v2\/product_cat?post=908"},{"taxonomy":"product_tag","embeddable":true,"href":"https:\/\/taurus1908.com\/en\/wp-json\/wp\/v2\/product_tag?post=908"}],"curies":[{"name":"wp","href":"https:\/\/api.w.org\/{rel}","templated":true}]}}