{"id":911,"date":"2024-05-10T10:39:44","date_gmt":"2024-05-10T10:39:44","guid":{"rendered":"https:\/\/taurus1908.sitointest.it\/?post_type=product&#038;p=911"},"modified":"2024-12-16T10:13:17","modified_gmt":"2024-12-16T10:13:17","slug":"corinto-donna-verde-taurus","status":"publish","type":"product","link":"https:\/\/taurus1908.com\/en\/bikes-in-stock\/corinto-green-taurus-woman","title":{"rendered":"Ready for Delivery Corinto woman green Taurus"},"content":{"rendered":"<p>Grazie alla sua elegante linea dal design senza tempo, Corinto ti far\u00e0 sentire come se stessi passeggiando in un parco anche quando ti stai semplicemente dirigendo al lavoro. Dotata di freni a bacchetta a pistoncino, leve freno marchiate e parafanghi corazzati, Corinto \u00e8 sinonimo di affidabilit\u00e0 e funzionalit\u00e0. La qualit\u00e0 dei materiali utilizzati, come la sella in pelle Brooks e i copertoni in varie colorazioni, contribuiscono a creare un&#8217;esperienza di guida senza pari. Il risultato \u00e8 una bicicletta che non solo ti permette di spostarti in citt\u00e0 in tutta sicurezza, ma ti fa sentire anche speciale. Con la Taurus 1908 Corinto, potrai goderti l&#8217;esperienza di una bicicletta che fonde perfettamente forma e funzione, per un&#8217;esperienza di guida senza pari. Se sei alla ricerca di una bicicletta che rappresenti il meglio dell&#8217;artigianato italiano, Corinto \u00e8 la scelta giusta per te. Il telaio di questa bicicletta \u00e8 realizzato in acciaio, congiunto e saldobrasato artigianalmente per garantire massima resistenza e durabilit\u00e0. La frenata \u00e8 affidata alla classica frenata a bacchetta, con tiranti freno in tondino da 4mm pieno. Il manubrio a forma di &#8220;R&#8221; offre una presa comoda e sicura, con leve incise Taurus per un tocco di stile e personalizzazione. Questa bici \u00e8 ideale per chi cerca un prodotto artigianale, resistente e dal design classico.<\/p>","protected":false},"excerpt":{"rendered":"<p>The Taurus 1908 Corinto represents the flagship of Taurus' craftsmanship. An iconic bicycle that embodies the constant search for quality and perfection in every detail.<\/p>","protected":false},"featured_media":998,"template":"","meta":{"_acf_changed":false},"product_cat":[75],"product_tag":[],"acf":[],"aioseo_notices":[],"_links":{"self":[{"href":"https:\/\/taurus1908.com\/en\/wp-json\/wp\/v2\/product\/911"}],"collection":[{"href":"https:\/\/taurus1908.com\/en\/wp-json\/wp\/v2\/product"}],"about":[{"href":"https:\/\/taurus1908.com\/en\/wp-json\/wp\/v2\/types\/product"}],"wp:featuredmedia":[{"embeddable":true,"href":"https:\/\/taurus1908.com\/en\/wp-json\/wp\/v2\/media\/998"}],"wp:attachment":[{"href":"https:\/\/taurus1908.com\/en\/wp-json\/wp\/v2\/media?parent=911"}],"wp:term":[{"taxonomy":"product_cat","embeddable":true,"href":"https:\/\/taurus1908.com\/en\/wp-json\/wp\/v2\/product_cat?post=911"},{"taxonomy":"product_tag","embeddable":true,"href":"https:\/\/taurus1908.com\/en\/wp-json\/wp\/v2\/product_tag?post=911"}],"curies":[{"name":"wp","href":"https:\/\/api.w.org\/{rel}","templated":true}]}}