{"id":923,"date":"2024-05-10T12:08:15","date_gmt":"2024-05-10T12:08:15","guid":{"rendered":"https:\/\/taurus1908.sitointest.it\/?post_type=product&#038;p=923"},"modified":"2024-12-16T10:33:12","modified_gmt":"2024-12-16T10:33:12","slug":"mod-46-verde-taurus","status":"publish","type":"product","link":"https:\/\/taurus1908.com\/en\/bikes-in-stock\/mod-46-green-taurus","title":{"rendered":"Ready for Delivery Mod.46 Green Taurus"},"content":{"rendered":"<p>Questa bicicletta presenta un telaio in acciaio artigianalmente congiunto e saldobrasato per assicurare la massima resistenza e durabilit\u00e0. La frenata \u00e8 di tipo classico a bacchetta, con tiranti freno in tondino da 4mm pieno. Il manubrio &#8220;&#8221;R&#8221;&#8221; garantisce una presa sicura e confortevole. Se stai cercando un prodotto artigianale, resistente e con un design classico, questa bicicletta \u00e8 l&#8217;ideale per te. Questa bicicletta \u00e8 un prodotto artigianale di grande pregio. Il telaio, congiunto e saldobrasato a mano con la massima cura, \u00e8 stato progettato per offrire un&#8217;esperienza di guida davvero unica. Grazie all&#8217;attacco manubrio di tipo corsa e alle gomme maggiorate da 28&#8243; con una larghezza di 2&#8243;, si ha a disposizione una maggiore stabilit\u00e0 e comfort sulla strada. Le manopole in gomma, e la sella Brooks aggiungono un tocco di eleganza.<\/p>","protected":false},"excerpt":{"rendered":"<p>This bicycle features a handcrafted steel frame jointed and brazed to ensure maximum strength and durability. Braking is of the classic rod type, with brake rods made of solid 4mm rod. The \u201dR\u201c handlebar provides a secure and comfortable grip. If you are looking for a handcrafted, durable product with a classic design, this bicycle is ideal for you.<\/p>","protected":false},"featured_media":1020,"template":"","meta":{"_acf_changed":false},"product_cat":[75],"product_tag":[],"acf":[],"aioseo_notices":[],"_links":{"self":[{"href":"https:\/\/taurus1908.com\/en\/wp-json\/wp\/v2\/product\/923"}],"collection":[{"href":"https:\/\/taurus1908.com\/en\/wp-json\/wp\/v2\/product"}],"about":[{"href":"https:\/\/taurus1908.com\/en\/wp-json\/wp\/v2\/types\/product"}],"wp:featuredmedia":[{"embeddable":true,"href":"https:\/\/taurus1908.com\/en\/wp-json\/wp\/v2\/media\/1020"}],"wp:attachment":[{"href":"https:\/\/taurus1908.com\/en\/wp-json\/wp\/v2\/media?parent=923"}],"wp:term":[{"taxonomy":"product_cat","embeddable":true,"href":"https:\/\/taurus1908.com\/en\/wp-json\/wp\/v2\/product_cat?post=923"},{"taxonomy":"product_tag","embeddable":true,"href":"https:\/\/taurus1908.com\/en\/wp-json\/wp\/v2\/product_tag?post=923"}],"curies":[{"name":"wp","href":"https:\/\/api.w.org\/{rel}","templated":true}]}}