{"id":925,"date":"2024-05-10T12:11:51","date_gmt":"2024-05-10T12:11:51","guid":{"rendered":"https:\/\/taurus1908.sitointest.it\/?post_type=product&#038;p=925"},"modified":"2024-12-17T11:12:48","modified_gmt":"2024-12-17T11:12:48","slug":"olanda-r-colore-bordeaux-ral-3004","status":"publish","type":"product","link":"https:\/\/taurus1908.com\/en\/bikes-in-stock\/holland-r-burgundy-ral-3004","title":{"rendered":"Ready for Delivery Holland R burgundy ral 3004"},"content":{"rendered":"<p>Grazie alla sua elegante linea dal design senza tempo. Dotata di freni a bacchetta , \u00e8 sinonimo di affidabilit\u00e0 e funzionalit\u00e0. Il telaio di questa bicicletta \u00e8 realizzato in acciaio, congiunto e saldobrasato artigianalmente per garantire massima resistenza e durabilit\u00e0. La frenata \u00e8 affidata alla classica frenata a bacchetta, con tiranti freno in tondino da 4mm pieno. Il manubrio a forma di &#8220;R&#8221; offre una presa comoda e sicura, con leve incise Taurus per un tocco di stile e personalizzazione. Questa bici \u00e8 ideale per chi cerca un prodotto artigianale, resistente e dal design classico.<\/p>","protected":false},"excerpt":{"rendered":"<p>The Taurus Holland R represents the basic model already equipped with rod brakes. Joint steel frame. A super solid and elegant bike.<\/p>","protected":false},"featured_media":1024,"template":"","meta":{"_acf_changed":false},"product_cat":[75,23],"product_tag":[],"acf":[],"aioseo_notices":[],"_links":{"self":[{"href":"https:\/\/taurus1908.com\/en\/wp-json\/wp\/v2\/product\/925"}],"collection":[{"href":"https:\/\/taurus1908.com\/en\/wp-json\/wp\/v2\/product"}],"about":[{"href":"https:\/\/taurus1908.com\/en\/wp-json\/wp\/v2\/types\/product"}],"wp:featuredmedia":[{"embeddable":true,"href":"https:\/\/taurus1908.com\/en\/wp-json\/wp\/v2\/media\/1024"}],"wp:attachment":[{"href":"https:\/\/taurus1908.com\/en\/wp-json\/wp\/v2\/media?parent=925"}],"wp:term":[{"taxonomy":"product_cat","embeddable":true,"href":"https:\/\/taurus1908.com\/en\/wp-json\/wp\/v2\/product_cat?post=925"},{"taxonomy":"product_tag","embeddable":true,"href":"https:\/\/taurus1908.com\/en\/wp-json\/wp\/v2\/product_tag?post=925"}],"curies":[{"name":"wp","href":"https:\/\/api.w.org\/{rel}","templated":true}]}}