{"id":928,"date":"2024-05-10T12:15:34","date_gmt":"2024-05-10T12:15:34","guid":{"rendered":"https:\/\/taurus1908.sitointest.it\/?post_type=product&#038;p=928"},"modified":"2024-12-16T10:16:36","modified_gmt":"2024-12-16T10:16:36","slug":"saetta-fid-x-taurus-donna","status":"publish","type":"product","link":"https:\/\/taurus1908.com\/en\/bikes-in-stock\/saetta-fid-x-taurus-donna","title":{"rendered":"Lightning FID x Taurus Woman"},"content":{"rendered":"<p>La bici Taurus\/FID ha il telaio della classica \u201cSaetta\u201d di Taurus, ma \u00e8 personalizzata con i loghi FID e nella scelta del color celeste, simbolo della lotta al diabete di tipo 1. Esclusivi anche gli abbinamenti con il colore della sella e delle manopole. La bicicletta \u00e8 disponibile sia nella versione uomo che donna. Acquista la bici FID\/Taurus e finanzia la ricerca di una cura al diabete di tipo 1! Non pensare che la Saetta sia solo una city bike: i suoi cerchi dal profilo alto e tipo corsa la rendono una scelta perfetta anche per gli amanti della velocit\u00e0 e delle prestazioni. La sua leggerezza e agilit\u00e0 permettono di accelerare con grande rapidit\u00e0 e reattivit\u00e0, offrendo un&#8217;esperienza di guida emozionante e coinvolgente. Non devi sacrificare il comfort per goderti la Saetta: il telaio elegante e ben bilanciato offre una guida stabile e confortevole, mentre il sellino imbottito e le manopole ergonomiche assicurano un comfort ottimale anche durante le sessioni di pedalata pi\u00f9 lunghe. Scegli la Saetta se cerchi una bici unica ed emozionante, perfetta per chi cerca uno stile elegante, il massimo comfort e un&#8217;esperienza di guida rapida e scattante. La nostra bicicletta artigianale ha un telaio a rondine doppia cannetta in acciaio, saldato con la tecnica TIG per garantire la massima resistenza. I cerchi con profilo da corsa donano alla bici un aspetto aerodinamico. Il cambio Shimano Ty 300 garantisce prestazioni elevate in ogni situazione. Per la tua sicurezza, la bici \u00e8 dotata di luci LED. Scopri la qualit\u00e0 di una bicicletta artigianale unica nel suo genere.<\/p>","protected":false},"excerpt":{"rendered":"<p class=\" translation-block\">Taurus embraces the cause of the <strong>Italian Diabetes Foundation<\/strong>, which raises funds for research into a cure for type 1 diabetes, the autoimmune disease that mostly affects children and currently cannot be prevented or definitively cured (<a href=\"https:\/\/fondazionediabete.org\/\" aria-describedby=\"a11y-external-message\" target=\"_self\">www.fondazionediabete.org<\/a>). With the goal of raising funds to finance research, a special bicycle is born: <strong>30%<\/strong> of all proceeds from sales will go to the Foundation and thus to the best research in Italy and the world to cure this disease.<\/p>","protected":false},"featured_media":1033,"template":"","meta":{"_acf_changed":false},"product_cat":[75],"product_tag":[],"acf":[],"aioseo_notices":[],"_links":{"self":[{"href":"https:\/\/taurus1908.com\/en\/wp-json\/wp\/v2\/product\/928"}],"collection":[{"href":"https:\/\/taurus1908.com\/en\/wp-json\/wp\/v2\/product"}],"about":[{"href":"https:\/\/taurus1908.com\/en\/wp-json\/wp\/v2\/types\/product"}],"wp:featuredmedia":[{"embeddable":true,"href":"https:\/\/taurus1908.com\/en\/wp-json\/wp\/v2\/media\/1033"}],"wp:attachment":[{"href":"https:\/\/taurus1908.com\/en\/wp-json\/wp\/v2\/media?parent=928"}],"wp:term":[{"taxonomy":"product_cat","embeddable":true,"href":"https:\/\/taurus1908.com\/en\/wp-json\/wp\/v2\/product_cat?post=928"},{"taxonomy":"product_tag","embeddable":true,"href":"https:\/\/taurus1908.com\/en\/wp-json\/wp\/v2\/product_tag?post=928"}],"curies":[{"name":"wp","href":"https:\/\/api.w.org\/{rel}","templated":true}]}}