{"id":933,"date":"2024-05-10T12:46:03","date_gmt":"2024-05-10T12:46:03","guid":{"rendered":"https:\/\/taurus1908.sitointest.it\/?post_type=product&#038;p=933"},"modified":"2024-06-03T14:39:01","modified_gmt":"2024-06-03T14:39:01","slug":"corinto-uomo-lux-antracite-argento","status":"publish","type":"product","link":"https:\/\/taurus1908.com\/en\/bikes-in-stock\/corinto-man-lux-anthracite-silver","title":{"rendered":"Ready for Delivery Corinto man lux two-tone"},"content":{"rendered":"<p>Questa bicicletta presenta un telaio in acciaio artigianalmente congiunto e saldobrasato per assicurare la massima resistenza e durabilit\u00e0. La frenata \u00e8 di tipo classico a bacchetta, con tiranti freno in tondino da 4mm pieno. Il manubrio dalla forma a &#8220;&#8221;R&#8221;&#8221; garantisce una presa sicura e confortevole, mentre le leve incise Taurus donano un tocco di personalizzazione e stile. Se stai cercando un prodotto artigianale, resistente e con un design classico, questa bicicletta \u00e8 l&#8217;ideale per te. Questa bicicletta \u00e8 un prodotto artigianale di grande pregio. Il telaio, congiunto e saldobrasato a mano con la massima cura, \u00e8 stato progettato per offrire un&#8217;esperienza di guida davvero unica. Grazie all&#8217;attacco manubrio di tipo corsa e alle gomme maggiorate da 28&#8243; con una larghezza di 2&#8243;, si ha a disposizione una maggiore stabilit\u00e0 e comfort sulla strada. Le manopole e la sella in cuoio Brooks aggiungono un tocco di eleganza e comfort. Per garantire una maggiore sicurezza durante la guida notturna, la bicicletta \u00e8 stata equipaggiata con luci a LED. Se stai cercando una bicicletta dal design artigianale e dalle prestazioni eccellenti, questa \u00e8 la scelta ideale.<\/p>","protected":false},"excerpt":{"rendered":"<p>Piston rod brakes, branded brake levers and armoured mudguards are just some of the elements that distinguish the Corinto. Thanks to these details, you can be sure that your bike will be reliable and always perform at its best. But Corinto is not just a functional bicycle - it is also a work of art. The timeless aesthetics of the bike are enhanced by details such as the Brooks leather saddle and tyres in various colours that will create a stylish and sophisticated contrast. With the Corinto by Taurus 1908, you can enjoy a bicycle that perfectly combines form and function. If you are looking for a high-quality bicycle with a classic design, Corinto is the perfect choice for you.<\/p>","protected":false},"featured_media":1048,"template":"","meta":{"_acf_changed":false},"product_cat":[75],"product_tag":[],"acf":[],"aioseo_notices":[],"_links":{"self":[{"href":"https:\/\/taurus1908.com\/en\/wp-json\/wp\/v2\/product\/933"}],"collection":[{"href":"https:\/\/taurus1908.com\/en\/wp-json\/wp\/v2\/product"}],"about":[{"href":"https:\/\/taurus1908.com\/en\/wp-json\/wp\/v2\/types\/product"}],"wp:featuredmedia":[{"embeddable":true,"href":"https:\/\/taurus1908.com\/en\/wp-json\/wp\/v2\/media\/1048"}],"wp:attachment":[{"href":"https:\/\/taurus1908.com\/en\/wp-json\/wp\/v2\/media?parent=933"}],"wp:term":[{"taxonomy":"product_cat","embeddable":true,"href":"https:\/\/taurus1908.com\/en\/wp-json\/wp\/v2\/product_cat?post=933"},{"taxonomy":"product_tag","embeddable":true,"href":"https:\/\/taurus1908.com\/en\/wp-json\/wp\/v2\/product_tag?post=933"}],"curies":[{"name":"wp","href":"https:\/\/api.w.org\/{rel}","templated":true}]}}