{"id":941,"date":"2024-05-10T12:56:21","date_gmt":"2024-05-10T12:56:21","guid":{"rendered":"https:\/\/taurus1908.sitointest.it\/?post_type=product&#038;p=941"},"modified":"2024-06-03T14:35:34","modified_gmt":"2024-06-03T14:35:34","slug":"imperial-uomo-rosso","status":"publish","type":"product","link":"https:\/\/taurus1908.com\/en\/bikes-in-stock\/imperial-red-man","title":{"rendered":"Ready Delivery Imperial Red Man"},"content":{"rendered":"<p>Non \u00e8 solo la struttura a rendere la bici Imperial perfetta: \u00e8 equipaggiata con una serie di accessori di alta qualit\u00e0, come il sellino imbottito e regolabile, i pedali con grip antiscivolo e le manopole ergonomiche. La scelta della misura e del colore \u00e8 totalmente personalizzabile per soddisfare le tue esigenze di altezza e stile. Inoltre, l&#8217;assemblaggio della bici \u00e8 semplice e veloce, grazie alla spedizione gi\u00e0 al 90% assemblata. Scegli la Taurus Imperial per un&#8217;esperienza di guida sicura, comoda e divertente in ogni occasione: una bicicletta performante che ti permetter\u00e0 di affrontare ogni percorso con la massima sicurezza e comfort. Questa bicicletta \u00e8 caratterizzata da un telaio artigianale a congiunzioni saldobrarsato, realizzato con cura e attenzione per garantire resistenza e durata nel tempo. L&#8217;attacco manubrio tipo corsa, le gomme maggiorate da 28&#8243; e le manopole e sella in cuoio Brooks conferiscono alla bicicletta un&#8217;aria vintage e unica, ma senza rinunciare alle prestazioni moderne. La bicicletta \u00e8 dotata di luci a led, che garantiscono la massima visibilit\u00e0 anche nelle situazioni di scarsa luminosit\u00e0. In questo modo, \u00e8 possibile pedalare in tutta sicurezza sia di giorno che di notte. Il design della bicicletta \u00e8 curato in ogni dettaglio, con particolare attenzione alle finiture e ai materiali utilizzati. Grazie alla sua linea sportiva e al telaio artigianale, questa bicicletta \u00e8 ideale per gli appassionati di biciclette dallo stile unico e inimitabile, ma che non vogliono rinunciare alle prestazioni e alla qualit\u00e0. La combinazione tra il telaio artigianale, le gomme maggiorate e le componenti di alta qualit\u00e0 come le manopole e la sella in cuoio Brooks, rendono questa bicicletta perfetta per chi cerca un prodotto di alta gamma e che si distingua per la sua estetica raffinata e originale.<\/p>","protected":false},"excerpt":{"rendered":"<p>Looking for a bicycle that provides comfort and performance at all times? The Taurus Imperial is just the thing for you! The lightweight and durable aluminum frame provides stability and maneuverability, making this bike ideal for both city and mountain rides.<\/p>","protected":false},"featured_media":1059,"template":"","meta":{"_acf_changed":false},"product_cat":[75],"product_tag":[],"acf":[],"aioseo_notices":[],"_links":{"self":[{"href":"https:\/\/taurus1908.com\/en\/wp-json\/wp\/v2\/product\/941"}],"collection":[{"href":"https:\/\/taurus1908.com\/en\/wp-json\/wp\/v2\/product"}],"about":[{"href":"https:\/\/taurus1908.com\/en\/wp-json\/wp\/v2\/types\/product"}],"wp:featuredmedia":[{"embeddable":true,"href":"https:\/\/taurus1908.com\/en\/wp-json\/wp\/v2\/media\/1059"}],"wp:attachment":[{"href":"https:\/\/taurus1908.com\/en\/wp-json\/wp\/v2\/media?parent=941"}],"wp:term":[{"taxonomy":"product_cat","embeddable":true,"href":"https:\/\/taurus1908.com\/en\/wp-json\/wp\/v2\/product_cat?post=941"},{"taxonomy":"product_tag","embeddable":true,"href":"https:\/\/taurus1908.com\/en\/wp-json\/wp\/v2\/product_tag?post=941"}],"curies":[{"name":"wp","href":"https:\/\/api.w.org\/{rel}","templated":true}]}}